{"id":1567,"date":"2023-06-12T11:14:57","date_gmt":"2023-06-12T11:14:57","guid":{"rendered":"https:\/\/cx-staging.ddns.net\/?page_id=1567"},"modified":"2023-10-20T07:42:19","modified_gmt":"2023-10-20T07:42:19","slug":"about-us","status":"publish","type":"page","link":"https:\/\/logistify.rs\/sr\/about-us\/","title":{"rendered":"O nama"},"content":{"rendered":"<div data-elementor-type=\"wp-page\" data-elementor-id=\"1567\" class=\"elementor elementor-1567\">\n\t\t\t\t\t\t<section class=\"elementor-section elementor-top-section elementor-element elementor-element-fd42c55 ct-section-stretched elementor-section-full_width elementor-section-height-default elementor-section-height-default\" data-id=\"fd42c55\" data-element_type=\"section\">\n\t\t\t\t\t\t\t<div class=\"elementor-background-overlay\"><\/div>\n\t\t\t\t\t\t\t<div class=\"elementor-container elementor-column-gap-default\">\n\t\t\t\t\t<div class=\"elementor-column elementor-col-100 elementor-top-column elementor-element elementor-element-ba1f642\" data-id=\"ba1f642\" data-element_type=\"column\">\n\t\t\t<div class=\"elementor-widget-wrap elementor-element-populated\">\n\t\t\t\t\t\t<div class=\"elementor-element elementor-element-6bb672c elementor-widget elementor-widget-heading\" data-id=\"6bb672c\" data-element_type=\"widget\" data-widget_type=\"heading.default\">\n\t\t\t\t<div class=\"elementor-widget-container\">\n\t\t\t\t\t<h1 class=\"elementor-heading-title elementor-size-default\">Po\u0161iljke po meri gra\u0111ana<\/h1>\t\t\t\t<\/div>\n\t\t\t\t<\/div>\n\t\t\t\t<div class=\"elementor-element elementor-element-3993125 elementor-widget elementor-widget-spacer\" data-id=\"3993125\" data-element_type=\"widget\" data-widget_type=\"spacer.default\">\n\t\t\t\t<div class=\"elementor-widget-container\">\n\t\t\t\t\t\t\t<div class=\"elementor-spacer\">\n\t\t\t<div class=\"elementor-spacer-inner\"><\/div>\n\t\t<\/div>\n\t\t\t\t\t\t<\/div>\n\t\t\t\t<\/div>\n\t\t\t\t<div class=\"elementor-element elementor-element-0d0e84a elementor-widget elementor-widget-text-editor\" data-id=\"0d0e84a\" data-element_type=\"widget\" data-widget_type=\"text-editor.default\">\n\t\t\t\t<div class=\"elementor-widget-container\">\n\t\t\t\t\t\t\t\t\t<h3>Trenutno stanje stvari<\/h3>\t\t\t\t\t\t\t\t<\/div>\n\t\t\t\t<\/div>\n\t\t\t\t<section class=\"elementor-section elementor-inner-section elementor-element elementor-element-27d45a7 elementor-section-boxed elementor-section-height-default elementor-section-height-default\" data-id=\"27d45a7\" data-element_type=\"section\">\n\t\t\t\t\t\t<div class=\"elementor-container elementor-column-gap-default\">\n\t\t\t\t\t<div class=\"elementor-column elementor-col-50 elementor-inner-column elementor-element elementor-element-9665278\" data-id=\"9665278\" data-element_type=\"column\">\n\t\t\t<div class=\"elementor-widget-wrap elementor-element-populated\">\n\t\t\t\t\t\t<div class=\"elementor-element elementor-element-2f6b864 elementor-widget elementor-widget-text-editor\" data-id=\"2f6b864\" data-element_type=\"widget\" data-widget_type=\"text-editor.default\">\n\t\t\t\t<div class=\"elementor-widget-container\">\n\t\t\t\t\t\t\t\t\t<p>Koliko puta ste bili frustrirani postoje\u0107im kurirskim slu\u017ebama?<\/p><p>Trenutno, u Srbiji postoji samo nekoliko opcija kada su u pitanju kurirske slu\u017ebe. Po\u010deli smo samo sa jednom opcijom - imali smo samo Po\u0161tu. Postepeno, stvari su se popravljale. Imali smo sve vi\u0161e i vi\u0161e opcija. U nekom trenutku stvari su stale i \"zaglavili\" smo sa svega nekoliko velikih kurirskih slu\u017ebi.<\/p><p>Problem koji se desi kada kompanija postane prevelika jeste taj \u0161to ona prestane da obra\u0107a pa\u017enju na individualnog korisnika. Koliko puta ste \u010duli da se ljudi \u017eale na neku kurirsku slu\u017ebu? Koliko puta ste danima \u010dekali po\u0161iljku i sedeli pored telefona i\u0161\u010dekuju\u0107i poziv kurira? Koliko puta kurir nije hteo da vas sa\u010deka ni minut ili nije hteo da u\u0111e u va\u0161u zgradu?<\/p><p>Pored svega toga, sa ograni\u010denim opcijama, kurirske slu\u017ebe su bile slobodne da podignu svoje cene kako su htele. Pre deset godina kupovina od ku\u0107e je bila jako pogodan na\u010din kupovine. Niste morali da ustajete iz kreveta, poru\u010dili ste stvar koju ste na\u0161li na KupujemProdajem, a cena dostave vam nije ni ulazila u razmatranje. Danas je \u010desto jeftinije ne\u0161to poru\u010diti iz Kine nego iz susednog grada (pod uslovom da po\u0161iljka i stigne kod vas).<\/p>\t\t\t\t\t\t\t\t<\/div>\n\t\t\t\t<\/div>\n\t\t\t\t\t<\/div>\n\t\t<\/div>\n\t\t\t\t<div class=\"elementor-column elementor-col-50 elementor-inner-column elementor-element elementor-element-3bfeb85\" data-id=\"3bfeb85\" data-element_type=\"column\">\n\t\t\t<div class=\"elementor-widget-wrap elementor-element-populated\">\n\t\t\t\t\t\t<div class=\"elementor-element elementor-element-1e7f00a elementor-widget elementor-widget-image\" data-id=\"1e7f00a\" data-element_type=\"widget\" data-widget_type=\"image.default\">\n\t\t\t\t<div class=\"elementor-widget-container\">\n\t\t\t\t\t\t\t\t\t\t\t\t\t\t\t<img fetchpriority=\"high\" decoding=\"async\" width=\"520\" height=\"520\" src=\"https:\/\/logistify.rs\/wp-content\/uploads\/2023\/08\/first-bad-Custom.png\" class=\"attachment-full size-full wp-image-2038\" alt=\"\" srcset=\"https:\/\/logistify.rs\/wp-content\/uploads\/2023\/08\/first-bad-Custom.png 520w, https:\/\/logistify.rs\/wp-content\/uploads\/2023\/08\/first-bad-Custom-300x300.png 300w, https:\/\/logistify.rs\/wp-content\/uploads\/2023\/08\/first-bad-Custom-150x150.png 150w, https:\/\/logistify.rs\/wp-content\/uploads\/2023\/08\/first-bad-Custom-12x12.png 12w\" sizes=\"(max-width: 520px) 100vw, 520px\" \/>\t\t\t\t\t\t\t\t\t\t\t\t\t\t\t<\/div>\n\t\t\t\t<\/div>\n\t\t\t\t\t<\/div>\n\t\t<\/div>\n\t\t\t\t\t<\/div>\n\t\t<\/section>\n\t\t\t\t<div class=\"elementor-element elementor-element-dc0a124 elementor-widget elementor-widget-spacer\" data-id=\"dc0a124\" data-element_type=\"widget\" data-widget_type=\"spacer.default\">\n\t\t\t\t<div class=\"elementor-widget-container\">\n\t\t\t\t\t\t\t<div class=\"elementor-spacer\">\n\t\t\t<div class=\"elementor-spacer-inner\"><\/div>\n\t\t<\/div>\n\t\t\t\t\t\t<\/div>\n\t\t\t\t<\/div>\n\t\t\t\t<div class=\"elementor-element elementor-element-8066d7a elementor-widget elementor-widget-text-editor\" data-id=\"8066d7a\" data-element_type=\"widget\" data-widget_type=\"text-editor.default\">\n\t\t\t\t<div class=\"elementor-widget-container\">\n\t\t\t\t\t\t\t\t\t<h3><strong>Promene<\/strong><\/h3>\t\t\t\t\t\t\t\t<\/div>\n\t\t\t\t<\/div>\n\t\t\t\t<section class=\"elementor-section elementor-inner-section elementor-element elementor-element-98fd455 elementor-section-boxed elementor-section-height-default elementor-section-height-default\" data-id=\"98fd455\" data-element_type=\"section\">\n\t\t\t\t\t\t<div class=\"elementor-container elementor-column-gap-default\">\n\t\t\t\t\t<div class=\"elementor-column elementor-col-50 elementor-inner-column elementor-element elementor-element-20debe1\" data-id=\"20debe1\" data-element_type=\"column\">\n\t\t\t<div class=\"elementor-widget-wrap elementor-element-populated\">\n\t\t\t\t\t\t<div class=\"elementor-element elementor-element-9a4b2b7 elementor-widget elementor-widget-image\" data-id=\"9a4b2b7\" data-element_type=\"widget\" data-widget_type=\"image.default\">\n\t\t\t\t<div class=\"elementor-widget-container\">\n\t\t\t\t\t\t\t\t\t\t\t\t\t\t\t<img decoding=\"async\" width=\"520\" height=\"520\" src=\"https:\/\/logistify.rs\/wp-content\/uploads\/2023\/08\/second-new-Custom.png\" class=\"attachment-full size-full wp-image-2039\" alt=\"\" srcset=\"https:\/\/logistify.rs\/wp-content\/uploads\/2023\/08\/second-new-Custom.png 520w, https:\/\/logistify.rs\/wp-content\/uploads\/2023\/08\/second-new-Custom-300x300.png 300w, https:\/\/logistify.rs\/wp-content\/uploads\/2023\/08\/second-new-Custom-150x150.png 150w, https:\/\/logistify.rs\/wp-content\/uploads\/2023\/08\/second-new-Custom-12x12.png 12w\" sizes=\"(max-width: 520px) 100vw, 520px\" \/>\t\t\t\t\t\t\t\t\t\t\t\t\t\t\t<\/div>\n\t\t\t\t<\/div>\n\t\t\t\t\t<\/div>\n\t\t<\/div>\n\t\t\t\t<div class=\"elementor-column elementor-col-50 elementor-inner-column elementor-element elementor-element-97a5e05\" data-id=\"97a5e05\" data-element_type=\"column\">\n\t\t\t<div class=\"elementor-widget-wrap elementor-element-populated\">\n\t\t\t\t\t\t<div class=\"elementor-element elementor-element-b6741ff elementor-widget elementor-widget-text-editor\" data-id=\"b6741ff\" data-element_type=\"widget\" data-widget_type=\"text-editor.default\">\n\t\t\t\t<div class=\"elementor-widget-container\">\n\t\t\t\t\t\t\t\t\t<p>Postoji jedna odli\u010dna misao koja ka\u017ee da postoje dve vrste ljudi na svetu - razumni ljudi koji se prilago\u0111avaju svetu oko njih dok nerazumni ljudi poku\u0161avaju da prilagode svet sebi. Stoga, sav napredak sveta zavisi od nerazumnih ljudi.<\/p><p>Da li ste znali da bilo ko mo\u017ee da zapo\u010dne svoju kurirsku slu\u017ebu? To nije neka magi\u010dna stvar koja jednostavno postoji, niti ne\u0161to za \u0161ta je potreban neki poseban sertifikat ili obuka. Svako mo\u017ee da se prijavi za dozvolu i po\u010dne da se bavi time.<\/p><p>Vi mo\u017eete da odaberete teritoriju na kojoj \u017eelite da radite. Mo\u017eete da odaberete svoje cene, rokove isporuke, kao i tipove paketa koje \u017eelite da prihvatate. Mo\u017eete da po\u010dnete i sa jednim biciklom i u svom gradu.<\/p><p>Da li ste znali da je od 2022. osnovano preko petnaest kurirskih slu\u017ebi koje se specijalizuju za dostave u okviru samo jednog grada? Neke su \u010dak odabrale da rade isklju\u010divo dostave malih paketa pomo\u0107u bicikla.\nNije bitno ni da li ste preduzetnik ili DOO.<\/p>\t\t\t\t\t\t\t\t<\/div>\n\t\t\t\t<\/div>\n\t\t\t\t\t<\/div>\n\t\t<\/div>\n\t\t\t\t\t<\/div>\n\t\t<\/section>\n\t\t\t\t<div class=\"elementor-element elementor-element-af6dde7 elementor-widget elementor-widget-spacer\" data-id=\"af6dde7\" data-element_type=\"widget\" data-widget_type=\"spacer.default\">\n\t\t\t\t<div class=\"elementor-widget-container\">\n\t\t\t\t\t\t\t<div class=\"elementor-spacer\">\n\t\t\t<div class=\"elementor-spacer-inner\"><\/div>\n\t\t<\/div>\n\t\t\t\t\t\t<\/div>\n\t\t\t\t<\/div>\n\t\t\t\t<div class=\"elementor-element elementor-element-e70bd59 elementor-widget elementor-widget-text-editor\" data-id=\"e70bd59\" data-element_type=\"widget\" data-widget_type=\"text-editor.default\">\n\t\t\t\t<div class=\"elementor-widget-container\">\n\t\t\t\t\t\t\t\t\t<h3><strong>\u0160ta je tu na\u0161a uloga?<\/strong><\/h3>\t\t\t\t\t\t\t\t<\/div>\n\t\t\t\t<\/div>\n\t\t\t\t<section class=\"elementor-section elementor-inner-section elementor-element elementor-element-86f6082 elementor-section-boxed elementor-section-height-default elementor-section-height-default\" data-id=\"86f6082\" data-element_type=\"section\">\n\t\t\t\t\t\t<div class=\"elementor-container elementor-column-gap-default\">\n\t\t\t\t\t<div class=\"elementor-column elementor-col-50 elementor-inner-column elementor-element elementor-element-9d0b803\" data-id=\"9d0b803\" data-element_type=\"column\">\n\t\t\t<div class=\"elementor-widget-wrap elementor-element-populated\">\n\t\t\t\t\t\t<div class=\"elementor-element elementor-element-090013f elementor-widget elementor-widget-text-editor\" data-id=\"090013f\" data-element_type=\"widget\" data-widget_type=\"text-editor.default\">\n\t\t\t\t<div class=\"elementor-widget-container\">\n\t\t\t\t\t\t\t\t\t<p>Mi verujemo da je bitno dati mo\u0107 obi\u010dnom \u010doveku. \u017delimo da elimini\u0161emo prepreke koje postoje u zapo\u010dinjanju ovakvog posla. Bilo ko sa ne\u0161to slobodnog vremena, biciklom ili automobilom, mo\u017ee da odabere da osnuje svoju kurirsku slu\u017ebu. Postoji puno gradova koji nemaju pouzdanu kurirsku slu\u017ebu. S druge strane, postoje hiljade kompanija koje svakodnevno \u0161alju svoje proizvode ljudima ili drugim kompanijama.<\/p>\n<p>Mi smo tu da vam obezbedimo sve \u0161to vam treba za po\u010detak. Tu smo da kreiramo i odr\u017eavamo va\u0161u IT infrastrukturu. Odaberite ime za va\u0161 posao. Odaberite kako \u017eelite da izgleda va\u0161 sajt. Mi smo tu da napravimo sajt koji \u0107e va\u0161i klijenti mo\u0107i da koriste da prijavljuju po\u0161iljke za vas.<\/p>\n<p>Bez maltretiranja. Ljudi mogu da po\u010dnu da \u0161alju po\u0161iljke va\u0161om novom kurirskom slu\u017ebom gotovo odmah. Korisnici ne moraju da se registruju, ne moraju da pla\u0107aju ni\u0161ta na sajtu. Imate mobilni telefon? Dobi\u0107ete instant notifikacije za svaku novu po\u0161iljku koja je kreirana. Odaberite sami koliko \u017eelite da napla\u0107ujete dostave. Tako\u0111e, svakog meseca \u0107ete dobiti izve\u0161taj kako ste poslovali prethodnog meseca.<\/p>\n<p>Ako \u017eelite da saznate vi\u0161e pi\u0161ite nam putem na\u0161eg <a href=\"\/sr\/contact\/\">formulara za kontakt<\/a>. Ako \u017eelite da nam se pridru\u017eite mo\u017eete produ\u017eiti ka <a href=\"\/sr\/registration\/\">registraciji<\/a>.<\/p>\n<p><strong>Godina je 2023. Nezavisnost je izbor.<\/strong><\/p>\t\t\t\t\t\t\t\t<\/div>\n\t\t\t\t<\/div>\n\t\t\t\t\t<\/div>\n\t\t<\/div>\n\t\t\t\t<div class=\"elementor-column elementor-col-50 elementor-inner-column elementor-element elementor-element-16bcae1\" data-id=\"16bcae1\" data-element_type=\"column\">\n\t\t\t<div class=\"elementor-widget-wrap elementor-element-populated\">\n\t\t\t\t\t\t<div class=\"elementor-element elementor-element-17963ec elementor-widget elementor-widget-image\" data-id=\"17963ec\" data-element_type=\"widget\" data-widget_type=\"image.default\">\n\t\t\t\t<div class=\"elementor-widget-container\">\n\t\t\t\t\t\t\t\t\t\t\t\t\t\t\t<img decoding=\"async\" width=\"520\" height=\"520\" src=\"https:\/\/logistify.rs\/wp-content\/uploads\/2023\/08\/third-us-Custom.png\" class=\"attachment-full size-full wp-image-2040\" alt=\"\" srcset=\"https:\/\/logistify.rs\/wp-content\/uploads\/2023\/08\/third-us-Custom.png 520w, https:\/\/logistify.rs\/wp-content\/uploads\/2023\/08\/third-us-Custom-300x300.png 300w, https:\/\/logistify.rs\/wp-content\/uploads\/2023\/08\/third-us-Custom-150x150.png 150w, https:\/\/logistify.rs\/wp-content\/uploads\/2023\/08\/third-us-Custom-12x12.png 12w\" sizes=\"(max-width: 520px) 100vw, 520px\" \/>\t\t\t\t\t\t\t\t\t\t\t\t\t\t\t<\/div>\n\t\t\t\t<\/div>\n\t\t\t\t\t<\/div>\n\t\t<\/div>\n\t\t\t\t\t<\/div>\n\t\t<\/section>\n\t\t\t\t\t<\/div>\n\t\t<\/div>\n\t\t\t\t\t<\/div>\n\t\t<\/section>\n\t\t\t\t<\/div>","protected":false},"excerpt":{"rendered":"<p>Democratizing the shipping game State of the matter How many times were you frustrated with the existing shipping companies and courier services? Right now, in Serbia, there\u2019s a handful of courier services that a person can choose from. We started from having only one option \u2013 the Post Office, to having more and more options. [&hellip;]<\/p>","protected":false},"author":1,"featured_media":0,"parent":0,"menu_order":3,"comment_status":"closed","ping_status":"closed","template":"","meta":{"inline_featured_image":false,"footnotes":""},"class_list":["post-1567","page","type-page","status-publish","hentry"],"blocksy_meta":[],"yoast_head":"<!-- This site is optimized with the Yoast SEO plugin v23.9 - https:\/\/yoast.com\/wordpress\/plugins\/seo\/ -->\n<title>About Us - Logistify<\/title>\n<meta name=\"robots\" content=\"index, follow, max-snippet:-1, max-image-preview:large, max-video-preview:-1\" \/>\n<link rel=\"canonical\" href=\"https:\/\/logistify.rs\/sr\/about-us\/\" \/>\n<meta property=\"og:locale\" content=\"sr_RS\" \/>\n<meta property=\"og:type\" content=\"article\" \/>\n<meta property=\"og:title\" content=\"About Us - Logistify\" \/>\n<meta property=\"og:description\" content=\"Democratizing the shipping game State of the matter How many times were you frustrated with the existing shipping companies and courier services? Right now, in Serbia, there\u2019s a handful of courier services that a person can choose from. We started from having only one option \u2013 the Post Office, to having more and more options. [&hellip;]\" \/>\n<meta property=\"og:url\" content=\"https:\/\/logistify.rs\/sr\/about-us\/\" \/>\n<meta property=\"og:site_name\" content=\"Logistify\" \/>\n<meta property=\"article:publisher\" content=\"https:\/\/facebook.com\/logistify.rs\" \/>\n<meta property=\"article:modified_time\" content=\"2023-10-20T07:42:19+00:00\" \/>\n<meta property=\"og:image\" content=\"https:\/\/logistify.rs\/wp-content\/uploads\/2023\/08\/first-bad-Custom.png\" \/>\n<meta name=\"twitter:card\" content=\"summary_large_image\" \/>\n<meta name=\"twitter:site\" content=\"@logistifyRS\" \/>\n<meta name=\"twitter:label1\" content=\"\u041f\u0440\u043e\u0446\u0435\u045a\u0435\u043d\u043e \u0432\u0440\u0435\u043c\u0435 \u0447\u0438\u0442\u0430\u045a\u0430\" \/>\n\t<meta name=\"twitter:data1\" content=\"3 \u043c\u0438\u043d\u0443\u0442\u0430\" \/>\n<script type=\"application\/ld+json\" class=\"yoast-schema-graph\">{\"@context\":\"https:\/\/schema.org\",\"@graph\":[{\"@type\":\"WebPage\",\"@id\":\"https:\/\/logistify.rs\/sr\/about-us\/\",\"url\":\"https:\/\/logistify.rs\/sr\/about-us\/\",\"name\":\"About Us - Logistify\",\"isPartOf\":{\"@id\":\"https:\/\/logistify.rs\/sr\/#website\"},\"primaryImageOfPage\":{\"@id\":\"https:\/\/logistify.rs\/sr\/about-us\/#primaryimage\"},\"image\":{\"@id\":\"https:\/\/logistify.rs\/sr\/about-us\/#primaryimage\"},\"thumbnailUrl\":\"https:\/\/logistify.rs\/wp-content\/uploads\/2023\/08\/first-bad-Custom.png\",\"datePublished\":\"2023-06-12T11:14:57+00:00\",\"dateModified\":\"2023-10-20T07:42:19+00:00\",\"breadcrumb\":{\"@id\":\"https:\/\/logistify.rs\/sr\/about-us\/#breadcrumb\"},\"inLanguage\":\"sr-RS\",\"potentialAction\":[{\"@type\":\"ReadAction\",\"target\":[\"https:\/\/logistify.rs\/sr\/about-us\/\"]}]},{\"@type\":\"ImageObject\",\"inLanguage\":\"sr-RS\",\"@id\":\"https:\/\/logistify.rs\/sr\/about-us\/#primaryimage\",\"url\":\"https:\/\/logistify.rs\/wp-content\/uploads\/2023\/08\/first-bad-Custom.png\",\"contentUrl\":\"https:\/\/logistify.rs\/wp-content\/uploads\/2023\/08\/first-bad-Custom.png\"},{\"@type\":\"BreadcrumbList\",\"@id\":\"https:\/\/logistify.rs\/sr\/about-us\/#breadcrumb\",\"itemListElement\":[{\"@type\":\"ListItem\",\"position\":1,\"name\":\"Home\",\"item\":\"https:\/\/logistify.rs\/sr\/\"},{\"@type\":\"ListItem\",\"position\":2,\"name\":\"About Us\"}]},{\"@type\":\"WebSite\",\"@id\":\"https:\/\/logistify.rs\/sr\/#website\",\"url\":\"https:\/\/logistify.rs\/sr\/\",\"name\":\"Logistify\",\"description\":\"\",\"publisher\":{\"@id\":\"https:\/\/logistify.rs\/sr\/#organization\"},\"potentialAction\":[{\"@type\":\"SearchAction\",\"target\":{\"@type\":\"EntryPoint\",\"urlTemplate\":\"https:\/\/logistify.rs\/sr\/?s={search_term_string}\"},\"query-input\":{\"@type\":\"PropertyValueSpecification\",\"valueRequired\":true,\"valueName\":\"search_term_string\"}}],\"inLanguage\":\"sr-RS\"},{\"@type\":\"Organization\",\"@id\":\"https:\/\/logistify.rs\/sr\/#organization\",\"name\":\"Logistify\",\"alternateName\":\"Logistify\",\"url\":\"https:\/\/logistify.rs\/sr\/\",\"logo\":{\"@type\":\"ImageObject\",\"inLanguage\":\"sr-RS\",\"@id\":\"https:\/\/logistify.rs\/sr\/#\/schema\/logo\/image\/\",\"url\":\"https:\/\/logistify.rs\/wp-content\/uploads\/2023\/10\/cropped-cropped-traced-purple.png\",\"contentUrl\":\"https:\/\/logistify.rs\/wp-content\/uploads\/2023\/10\/cropped-cropped-traced-purple.png\",\"width\":512,\"height\":512,\"caption\":\"Logistify\"},\"image\":{\"@id\":\"https:\/\/logistify.rs\/sr\/#\/schema\/logo\/image\/\"},\"sameAs\":[\"https:\/\/facebook.com\/logistify.rs\",\"https:\/\/x.com\/logistifyRS\",\"https:\/\/www.instagram.com\/logistify.rs\"]}]}<\/script>\n<!-- \/ Yoast SEO plugin. -->","yoast_head_json":{"title":"About Us - Logistify","robots":{"index":"index","follow":"follow","max-snippet":"max-snippet:-1","max-image-preview":"max-image-preview:large","max-video-preview":"max-video-preview:-1"},"canonical":"https:\/\/logistify.rs\/sr\/about-us\/","og_locale":"sr_RS","og_type":"article","og_title":"About Us - Logistify","og_description":"Democratizing the shipping game State of the matter How many times were you frustrated with the existing shipping companies and courier services? Right now, in Serbia, there\u2019s a handful of courier services that a person can choose from. We started from having only one option \u2013 the Post Office, to having more and more options. [&hellip;]","og_url":"https:\/\/logistify.rs\/sr\/about-us\/","og_site_name":"Logistify","article_publisher":"https:\/\/facebook.com\/logistify.rs","article_modified_time":"2023-10-20T07:42:19+00:00","og_image":[{"url":"https:\/\/logistify.rs\/wp-content\/uploads\/2023\/08\/first-bad-Custom.png"}],"twitter_card":"summary_large_image","twitter_site":"@logistifyRS","twitter_misc":{"\u041f\u0440\u043e\u0446\u0435\u045a\u0435\u043d\u043e \u0432\u0440\u0435\u043c\u0435 \u0447\u0438\u0442\u0430\u045a\u0430":"3 \u043c\u0438\u043d\u0443\u0442\u0430"},"schema":{"@context":"https:\/\/schema.org","@graph":[{"@type":"WebPage","@id":"https:\/\/logistify.rs\/sr\/about-us\/","url":"https:\/\/logistify.rs\/sr\/about-us\/","name":"About Us - Logistify","isPartOf":{"@id":"https:\/\/logistify.rs\/sr\/#website"},"primaryImageOfPage":{"@id":"https:\/\/logistify.rs\/sr\/about-us\/#primaryimage"},"image":{"@id":"https:\/\/logistify.rs\/sr\/about-us\/#primaryimage"},"thumbnailUrl":"https:\/\/logistify.rs\/wp-content\/uploads\/2023\/08\/first-bad-Custom.png","datePublished":"2023-06-12T11:14:57+00:00","dateModified":"2023-10-20T07:42:19+00:00","breadcrumb":{"@id":"https:\/\/logistify.rs\/sr\/about-us\/#breadcrumb"},"inLanguage":"sr-RS","potentialAction":[{"@type":"ReadAction","target":["https:\/\/logistify.rs\/sr\/about-us\/"]}]},{"@type":"ImageObject","inLanguage":"sr-RS","@id":"https:\/\/logistify.rs\/sr\/about-us\/#primaryimage","url":"https:\/\/logistify.rs\/wp-content\/uploads\/2023\/08\/first-bad-Custom.png","contentUrl":"https:\/\/logistify.rs\/wp-content\/uploads\/2023\/08\/first-bad-Custom.png"},{"@type":"BreadcrumbList","@id":"https:\/\/logistify.rs\/sr\/about-us\/#breadcrumb","itemListElement":[{"@type":"ListItem","position":1,"name":"Home","item":"https:\/\/logistify.rs\/sr\/"},{"@type":"ListItem","position":2,"name":"About Us"}]},{"@type":"WebSite","@id":"https:\/\/logistify.rs\/sr\/#website","url":"https:\/\/logistify.rs\/sr\/","name":"Logistify","description":"","publisher":{"@id":"https:\/\/logistify.rs\/sr\/#organization"},"potentialAction":[{"@type":"SearchAction","target":{"@type":"EntryPoint","urlTemplate":"https:\/\/logistify.rs\/sr\/?s={search_term_string}"},"query-input":{"@type":"PropertyValueSpecification","valueRequired":true,"valueName":"search_term_string"}}],"inLanguage":"sr-RS"},{"@type":"Organization","@id":"https:\/\/logistify.rs\/sr\/#organization","name":"Logistify","alternateName":"Logistify","url":"https:\/\/logistify.rs\/sr\/","logo":{"@type":"ImageObject","inLanguage":"sr-RS","@id":"https:\/\/logistify.rs\/sr\/#\/schema\/logo\/image\/","url":"https:\/\/logistify.rs\/wp-content\/uploads\/2023\/10\/cropped-cropped-traced-purple.png","contentUrl":"https:\/\/logistify.rs\/wp-content\/uploads\/2023\/10\/cropped-cropped-traced-purple.png","width":512,"height":512,"caption":"Logistify"},"image":{"@id":"https:\/\/logistify.rs\/sr\/#\/schema\/logo\/image\/"},"sameAs":["https:\/\/facebook.com\/logistify.rs","https:\/\/x.com\/logistifyRS","https:\/\/www.instagram.com\/logistify.rs"]}]}},"_links":{"self":[{"href":"https:\/\/logistify.rs\/sr\/wp-json\/wp\/v2\/pages\/1567","targetHints":{"allow":["GET"]}}],"collection":[{"href":"https:\/\/logistify.rs\/sr\/wp-json\/wp\/v2\/pages"}],"about":[{"href":"https:\/\/logistify.rs\/sr\/wp-json\/wp\/v2\/types\/page"}],"author":[{"embeddable":true,"href":"https:\/\/logistify.rs\/sr\/wp-json\/wp\/v2\/users\/1"}],"replies":[{"embeddable":true,"href":"https:\/\/logistify.rs\/sr\/wp-json\/wp\/v2\/comments?post=1567"}],"version-history":[{"count":9,"href":"https:\/\/logistify.rs\/sr\/wp-json\/wp\/v2\/pages\/1567\/revisions"}],"predecessor-version":[{"id":2425,"href":"https:\/\/logistify.rs\/sr\/wp-json\/wp\/v2\/pages\/1567\/revisions\/2425"}],"wp:attachment":[{"href":"https:\/\/logistify.rs\/sr\/wp-json\/wp\/v2\/media?parent=1567"}],"curies":[{"name":"wp","href":"https:\/\/api.w.org\/{rel}","templated":true}]}}