{"id":1941,"date":"2023-08-20T11:37:36","date_gmt":"2023-08-20T11:37:36","guid":{"rendered":"https:\/\/cx-staging.ddns.net\/?page_id=1941"},"modified":"2024-07-05T10:35:42","modified_gmt":"2024-07-05T10:35:42","slug":"registration","status":"publish","type":"page","link":"https:\/\/logistify.rs\/sr\/registration\/","title":{"rendered":"Registracija"},"content":{"rendered":"<div data-elementor-type=\"wp-page\" data-elementor-id=\"1941\" class=\"elementor elementor-1941\">\n\t\t\t\t\t\t<section class=\"elementor-section elementor-top-section elementor-element elementor-element-5db50d56 ct-section-stretched elementor-section-boxed elementor-section-height-default elementor-section-height-default\" data-id=\"5db50d56\" data-element_type=\"section\">\n\t\t\t\t\t\t<div class=\"elementor-container elementor-column-gap-default\">\n\t\t\t\t\t<div class=\"elementor-column elementor-col-100 elementor-top-column elementor-element elementor-element-57070a6f\" data-id=\"57070a6f\" data-element_type=\"column\">\n\t\t\t<div class=\"elementor-widget-wrap elementor-element-populated\">\n\t\t\t\t\t\t<div class=\"elementor-element elementor-element-fc1f0d1 elementor-widget__width-initial elementor-widget elementor-widget-text-editor\" data-id=\"fc1f0d1\" data-element_type=\"widget\" data-widget_type=\"text-editor.default\">\n\t\t\t\t<div class=\"elementor-widget-container\">\n\t\t\t\t\t\t\t\t\t<div class=\"frm_forms  with_frm_style frm_style_formidable-style\" id=\"frm_form_2_container\" data-token=\"89b383e59eb51b252245386640009803\">\n<form enctype=\"multipart\/form-data\" method=\"post\" class=\"frm-show-form  frm_js_validate  frm_ajax_submit\" id=\"form_registration\" data-token=\"89b383e59eb51b252245386640009803\">\n<div class=\"frm_form_fields\">\n<fieldset>\n<legend class=\"frm_screen_reader\">Registracija<\/legend>\r\n<h3 class=\"frm_form_title\">Registracija<\/h3>\r\n<div class=\"frm_description\"><p>Unesite osnovne informacije o svom novom poslu.<\/p>\n<\/div><div class=\"frm_fields_container\">\n<input type=\"hidden\" name=\"frm_action\" value=\"create\" \/>\n<input type=\"hidden\" name=\"form_id\" value=\"2\" \/>\n<input type=\"hidden\" name=\"frm_hide_fields_2\" id=\"frm_hide_fields_2\" value=\"\" \/>\n<input type=\"hidden\" name=\"form_key\" value=\"registration\" \/>\n<input type=\"hidden\" name=\"item_meta[0]\" value=\"\" \/>\n<input type=\"hidden\" id=\"frm_submit_entry_2\" name=\"frm_submit_entry_2\" value=\"115ae5aa62\" \/><input type=\"hidden\" name=\"_wp_http_referer\" value=\"\/sr\/wp-json\/wp\/v2\/pages\/1941\" \/><div id=\"frm_field_6_container\" class=\"frm_form_field form-field  frm_required_field frm_top_container frm12 frm_first\">\r\n    <div  id=\"field_9ihas_label\" class=\"frm_primary_label\">Ime\r\n        <span class=\"frm_required\" aria-hidden=\"true\">*<\/span>\r\n    <\/div>\r\n    <fieldset aria-labelledby=\"field_9ihas_label\">\n\t<legend class=\"frm_screen_reader frm_hidden\">\n\t\tIme\t<\/legend>\n\n\t<div  class=\"frm_combo_inputs_container\" id=\"frm_combo_inputs_container_6\" data-name-layout=\"first_last\">\n\t\t\t\t\t<div\n\t\t\t\tid=\"frm_field_6-first_container\"\n\t\t\t\tclass=\"frm_form_field form-field frm_form_subfield-first  frm6\"\n\t\t\t\tdata-sub-field-name=\"first\"\n\t\t\t>\n\t\t\t\t<label for=\"field_9ihas_first\" class=\"frm_screen_reader frm_hidden\">\n\t\t\t\t\tIme\t\t\t\t<\/label>\n\n\t\t\t\t\t\t\t\t\t\t<input\n\t\t\t\t\t\t\ttype=\"text\"\n\t\t\t\t\t\t\tid=\"field_9ihas_first\"\n\t\t\t\t\t\t\tvalue=\"\"\n\t\t\t\t\t\t\tname=\"item_meta[6][first]\"  placeholder=\"Ime\" data-reqmsg=\"Name cannot be blank.\" aria-required=\"true\" data-invmsg=\"Name ne postoji\" aria-invalid=\"false\"  \t\t\t\t\t\t\/>\n\t\t\t\t\t\t\t\t\t<\/div>\n\t\t\t\t\t\t<div\n\t\t\t\tid=\"frm_field_6-last_container\"\n\t\t\t\tclass=\"frm_form_field form-field frm_form_subfield-last  frm6\"\n\t\t\t\tdata-sub-field-name=\"last\"\n\t\t\t>\n\t\t\t\t<label for=\"field_9ihas_last\" class=\"frm_screen_reader frm_hidden\">\n\t\t\t\t\tIme\t\t\t\t<\/label>\n\n\t\t\t\t\t\t\t\t\t\t<input\n\t\t\t\t\t\t\ttype=\"text\"\n\t\t\t\t\t\t\tid=\"field_9ihas_last\"\n\t\t\t\t\t\t\tvalue=\"\"\n\t\t\t\t\t\t\tname=\"item_meta[6][last]\"  placeholder=\"Prezime\" data-reqmsg=\"Name cannot be blank.\" aria-required=\"true\" data-invmsg=\"Name ne postoji\" aria-invalid=\"false\"  \t\t\t\t\t\t\/>\n\t\t\t\t\t\t\t\t\t<\/div>\n\t\t\t\t<\/div>\n<\/fieldset>\n\r\n    \r\n    \r\n<\/div>\n<div id=\"frm_field_10_container\" class=\"frm_form_field form-field  frm_required_field frm_top_container\">\r\n    <label for=\"field_ap1yi\" id=\"field_ap1yi_label\" class=\"frm_primary_label\">Ime kompanije\/kurirske slu\u017ebe\r\n        <span class=\"frm_required\" aria-hidden=\"true\">*<\/span>\r\n    <\/label>\r\n    <input type=\"text\" id=\"field_ap1yi\" name=\"item_meta[10]\" value=\"\"  placeholder=\"Moja kurirska slu\u017eba\" data-reqmsg=\"Company name cannot be blank.\" aria-required=\"true\" data-invmsg=\"Text is invalid\" aria-invalid=\"false\"  \/>\r\n    \r\n    \r\n<\/div>\n<div id=\"frm_field_11_container\" class=\"frm_form_field form-field  frm_required_field frm_top_container vertical_radio\">\r\n    <div  id=\"field_upu96_label\" class=\"frm_primary_label\">Kakav domen \u017eelite?\r\n        <span class=\"frm_required\" aria-hidden=\"true\">*<\/span>\r\n    <\/div>\r\n    <div class=\"frm_opt_container\" aria-labelledby=\"field_upu96_label\" role=\"radiogroup\" aria-required=\"true\">\t\t<div class=\"frm_radio\" id=\"frm_radio_11-0\">\t\t\t<label  for=\"field_upu96-0\">\n\t\t\t\t\t<input type=\"radio\" name=\"item_meta[11]\" id=\"field_upu96-0\" value=\"Paid domain name (e.g. company.com, company.rs)\"\n\t\t   data-reqmsg=\"What type of domain name would you prefer cannot be blank.\" data-invmsg=\"What type of domain name would you prefer ne postoji\" aria-invalid=\"false\"  \/> Pla\u0107eni domen (na primer company.com, company.rs)<\/label><\/div>\n\t\t<div class=\"frm_radio\" id=\"frm_radio_11-1\">\t\t\t<label  for=\"field_upu96-1\">\n\t\t\t\t\t<input type=\"radio\" name=\"item_meta[11]\" id=\"field_upu96-1\" value=\"Free domain name (e.g. company.ddns.net)\"\n\t\t   data-reqmsg=\"What type of domain name would you prefer cannot be blank.\" data-invmsg=\"What type of domain name would you prefer ne postoji\" aria-invalid=\"false\"  \/> Besplatni domen (na primer company.ddns.net)<\/label><\/div>\n<\/div>\r\n    \r\n    \r\n<\/div>\n<div id=\"frm_field_12_container\" class=\"frm_form_field form-field  frm_required_field frm_top_container\">\r\n    <label for=\"field_h019k\" id=\"field_h019k_label\" class=\"frm_primary_label\">Ime web-sajta koji \u017eelite za svoju kompaniju. Molimo vas da proverite da li je \u017eeljeno ime ve\u0107 zauzeto.\r\n        <span class=\"frm_required\" aria-hidden=\"true\">*<\/span>\r\n    <\/label>\r\n    <input type=\"text\" id=\"field_h019k\" name=\"item_meta[12]\" value=\"\"  placeholder=\"my-courier-service.com\" data-reqmsg=\"Domain name you would want for your company. Please check if the desired website name is already taken. cannot be blank.\" aria-required=\"true\" data-invmsg=\"Text is invalid\" aria-invalid=\"false\"  \/>\r\n    \r\n    \r\n<\/div>\n<div id=\"frm_field_8_container\" class=\"frm_form_field form-field  frm_required_field frm_top_container\">\r\n    <label for=\"field_vjsmu\" id=\"field_vjsmu_label\" class=\"frm_primary_label\">I-mejl adresa putem koje mo\u017eemo kontaktirati sa vama\r\n        <span class=\"frm_required\" aria-hidden=\"true\">*<\/span>\r\n    <\/label>\r\n    <input type=\"email\" id=\"field_vjsmu\" name=\"item_meta[8]\" value=\"\"  placeholder=\"someone@example.com\" data-reqmsg=\"Email at which we may contact you cannot be blank.\" aria-required=\"true\" data-invmsg=\"Email is invalid\" aria-invalid=\"false\"  \/>\r\n    \r\n    \r\n<\/div>\n<div id=\"frm_field_9_container\" class=\"frm_form_field form-field  frm_required_field frm_top_container frm12 frm_first\">\r\n    <label for=\"field_ysoz5\" id=\"field_ysoz5_label\" class=\"frm_primary_label\">Broj telefona putem kojeg mo\u017eemo kontaktirati sa vama\r\n        <span class=\"frm_required\" aria-hidden=\"true\">*<\/span>\r\n    <\/label>\r\n    <input type=\"number\" id=\"field_ysoz5\" name=\"item_meta[9]\" value=\"\"  placeholder=\"06X-XXX-XXXX\" data-reqmsg=\"Phone number at which we can contact you cannot be blank.\" aria-required=\"true\" data-invmsg=\"Number is invalid\" aria-invalid=\"false\"   min=\"0\" max=\"999999999999\" step=\"any\"\/>\r\n    \r\n    \r\n<\/div>\n<div id=\"frm_field_15_container\" class=\"frm_form_field form-field  frm_top_container\">\r\n    <label for=\"field_y6fr1\" id=\"field_y6fr1_label\" class=\"frm_primary_label\">Gradovi u kojima planirate da poslujete (ostavite prazno ukoliko ne planirate ograni\u010denja)\r\n        <span class=\"frm_required\" aria-hidden=\"true\"><\/span>\r\n    <\/label>\r\n    <input type=\"text\" id=\"field_y6fr1\" name=\"item_meta[15]\" value=\"\"  data-invmsg=\"Text is invalid\" aria-invalid=\"false\"  \/>\r\n    \r\n    \r\n<\/div>\n<div id=\"frm_field_13_container\" class=\"frm_form_field form-field  frm_required_field frm_top_container frm12 frm_first vertical_radio\">\r\n    <div  id=\"field_ukj3q_label\" class=\"frm_primary_label\">Logistify paket za koji se prijavljujete. Mo\u017eete pro\u010ditati vi\u0161e o paketima i njihovim mogu\u0107nostima <a href=\"\/sr\/pricing\/\">ovde<a>.\r\n        <span class=\"frm_required\" aria-hidden=\"true\">*<\/span>\r\n    <\/div>\r\n    <div class=\"frm_opt_container\" aria-labelledby=\"field_ukj3q_label\" role=\"radiogroup\" aria-required=\"true\">\t\t<div class=\"frm_radio\" id=\"frm_radio_13-0\">\t\t\t<label  for=\"field_ukj3q-0\">\n\t\t\t\t\t<input type=\"radio\" name=\"item_meta[13]\" id=\"field_ukj3q-0\" value=\"Basic\"\n\t\t   data-reqmsg=\"Logistify tier you&#039;re signing up for. You can read more about the tiers and their capabilities &lt;a href=&quot;\/pricing&quot;&gt;here&lt;a&gt;. cannot be blank.\" data-invmsg=\"Logistify tier you&#039;re signing up for. You can read more about the tiers and their capabilities &lt;a href=&quot;\/pricing&quot;&gt;here&lt;a&gt;. ne postoji\" aria-invalid=\"false\"  \/> Osnovni<\/label><\/div>\n\t\t<div class=\"frm_radio\" id=\"frm_radio_13-1\">\t\t\t<label  for=\"field_ukj3q-1\">\n\t\t\t\t\t<input type=\"radio\" name=\"item_meta[13]\" id=\"field_ukj3q-1\" value=\"Pro\"\n\t\t   data-reqmsg=\"Logistify tier you&#039;re signing up for. You can read more about the tiers and their capabilities &lt;a href=&quot;\/pricing&quot;&gt;here&lt;a&gt;. cannot be blank.\" data-invmsg=\"Logistify tier you&#039;re signing up for. You can read more about the tiers and their capabilities &lt;a href=&quot;\/pricing&quot;&gt;here&lt;a&gt;. ne postoji\" aria-invalid=\"false\"  \/> Pro<\/label><\/div>\n\t\t<div class=\"frm_radio\" id=\"frm_radio_13-2\">\t\t\t<label  for=\"field_ukj3q-2\">\n\t\t\t\t\t<input type=\"radio\" name=\"item_meta[13]\" id=\"field_ukj3q-2\" value=\"Enterprise\"\n\t\t   data-reqmsg=\"Logistify tier you&#039;re signing up for. You can read more about the tiers and their capabilities &lt;a href=&quot;\/pricing&quot;&gt;here&lt;a&gt;. cannot be blank.\" data-invmsg=\"Logistify tier you&#039;re signing up for. You can read more about the tiers and their capabilities &lt;a href=&quot;\/pricing&quot;&gt;here&lt;a&gt;. ne postoji\" aria-invalid=\"false\"  \/> Enterprise<\/label><\/div>\n<\/div>\r\n    \r\n    \r\n<\/div>\n<div id=\"frm_field_14_container\" class=\"frm_form_field form-field  frm_top_container vertical_radio\">\r\n    <div  id=\"field_negot_label\" class=\"frm_primary_label\">Recite nam ne\u0161to vi\u0161e o sebi (ako \u017eelite):\r\n        <span class=\"frm_required\" aria-hidden=\"true\"><\/span>\r\n    <\/div>\r\n    <div class=\"frm_opt_container\" aria-labelledby=\"field_negot_label\" role=\"group\">\t\t<div class=\"frm_checkbox\" id=\"frm_checkbox_14-0\">\t\t\t<label  for=\"field_negot-0\">\n\t\t\t<input type=\"checkbox\" name=\"item_meta[14][]\" id=\"field_negot-0\" value=\"I already have my own courier service\"  data-invmsg=\"Tell us something more about you (if you want): ne postoji\" aria-invalid=\"false\"   \/> Ve\u0107 imam svoju kurirsku slu\u017ebu<\/label><\/div>\n\t\t<div class=\"frm_checkbox\" id=\"frm_checkbox_14-1\">\t\t\t<label  for=\"field_negot-1\">\n\t\t\t<input type=\"checkbox\" name=\"item_meta[14][]\" id=\"field_negot-1\" value=\"I have experience working in a courier service\"  data-invmsg=\"Tell us something more about you (if you want): ne postoji\" aria-invalid=\"false\"   \/> Ve\u0107 imam iskustva u radu kao kurir<\/label><\/div>\n\t\t<div class=\"frm_checkbox\" id=\"frm_checkbox_14-2\">\t\t\t<label  for=\"field_negot-2\">\n\t\t\t<input type=\"checkbox\" name=\"item_meta[14][]\" id=\"field_negot-2\" value=\"I am a bike messenger\"  data-invmsg=\"Tell us something more about you (if you want): ne postoji\" aria-invalid=\"false\"   \/> Planiram da prevozim po\u0161iljke biciklom<\/label><\/div>\n<\/div>\r\n    \r\n    \r\n<\/div>\n<div id=\"frm_field_23_container\" class=\"frm_form_field form-field  frm_none_container\">\n\t<label for=\"g-recaptcha-response\" id=\"field_etiqi_label\" class=\"frm_primary_label\">Captcha\n\t\t<span class=\"frm_required\" aria-hidden=\"true\"><\/span>\n\t<\/label>\n\t<div  id=\"field_etiqi\" class=\"frm-g-recaptcha\" data-sitekey=\"6LfqowkqAAAAAMF-D3N6KBrPmwArTsO7F9ezoOcm\" data-size=\"normal\" data-theme=\"light\"><\/div>\n\t\n\t\n<\/div>\n<div id=\"frm_field_16_container\" class=\"frm_form_field form-field\">\r\n\t<div class=\"frm_submit\">\r\n\r\n<button class=\"frm_button_submit\" type=\"submit\"  >Submit<\/button>\r\n\r\n\r\n<\/div>\r\n<\/div>\n\t<input type=\"hidden\" name=\"item_key\" value=\"\" \/>\n\t\t\t\t<div class=\"frm__65201910ed872\">\n\t\t\t\t<label for=\"frm_email_2\" >\n\t\t\t\t\tIf you are human, leave this field blank.\t\t\t\t<\/label>\n\t\t\t\t<input  id=\"frm_email_2\" type=\"text\" class=\"frm_verify\" name=\"frm__65201910ed872\" value=\"\" autocomplete=\"off\"  \/>\n\t\t\t<\/div>\n\t\t<\/div>\n<\/fieldset>\n<\/div>\n\n<input type=\"hidden\" name=\"trp-form-language\" value=\"sr\"\/><\/form>\n<\/div>\n\t\t\t\t\t\t\t\t<\/div>\n\t\t\t\t<\/div>\n\t\t\t\t\t<\/div>\n\t\t<\/div>\n\t\t\t\t\t<\/div>\n\t\t<\/section>\n\t\t\t\t<\/div>","protected":false},"excerpt":{"rendered":"","protected":false},"author":1,"featured_media":0,"parent":0,"menu_order":0,"comment_status":"closed","ping_status":"closed","template":"","meta":{"inline_featured_image":false,"footnotes":""},"class_list":["post-1941","page","type-page","status-publish","hentry"],"blocksy_meta":[],"yoast_head":"<!-- This site is optimized with the Yoast SEO plugin v23.9 - https:\/\/yoast.com\/wordpress\/plugins\/seo\/ -->\n<title>Registration - Logistify<\/title>\n<meta name=\"robots\" content=\"index, follow, max-snippet:-1, max-image-preview:large, max-video-preview:-1\" \/>\n<link rel=\"canonical\" href=\"https:\/\/logistify.rs\/sr\/registration\/\" \/>\n<meta property=\"og:locale\" content=\"sr_RS\" \/>\n<meta property=\"og:type\" content=\"article\" \/>\n<meta property=\"og:title\" content=\"Registration - Logistify\" \/>\n<meta property=\"og:url\" content=\"https:\/\/logistify.rs\/sr\/registration\/\" \/>\n<meta property=\"og:site_name\" content=\"Logistify\" \/>\n<meta property=\"article:publisher\" content=\"https:\/\/facebook.com\/logistify.rs\" \/>\n<meta property=\"article:modified_time\" content=\"2024-07-05T10:35:42+00:00\" \/>\n<meta property=\"og:image\" content=\"https:\/\/logistify.rs\/wp-content\/uploads\/2023\/10\/Logistify-Logo-black-Large.png\" \/>\n\t<meta property=\"og:image:width\" content=\"1920\" \/>\n\t<meta property=\"og:image:height\" content=\"1080\" \/>\n\t<meta property=\"og:image:type\" content=\"image\/png\" \/>\n<meta name=\"twitter:card\" content=\"summary_large_image\" \/>\n<meta name=\"twitter:site\" content=\"@logistifyRS\" \/>\n<meta name=\"twitter:label1\" content=\"\u041f\u0440\u043e\u0446\u0435\u045a\u0435\u043d\u043e \u0432\u0440\u0435\u043c\u0435 \u0447\u0438\u0442\u0430\u045a\u0430\" \/>\n\t<meta name=\"twitter:data1\" content=\"1 \u043c\u0438\u043d\u0443\u0442\" \/>\n<script type=\"application\/ld+json\" class=\"yoast-schema-graph\">{\"@context\":\"https:\/\/schema.org\",\"@graph\":[{\"@type\":\"WebPage\",\"@id\":\"https:\/\/logistify.rs\/registration\/\",\"url\":\"https:\/\/logistify.rs\/registration\/\",\"name\":\"Registration - Logistify\",\"isPartOf\":{\"@id\":\"https:\/\/logistify.rs\/sr\/#website\"},\"datePublished\":\"2023-08-20T11:37:36+00:00\",\"dateModified\":\"2024-07-05T10:35:42+00:00\",\"breadcrumb\":{\"@id\":\"https:\/\/logistify.rs\/registration\/#breadcrumb\"},\"inLanguage\":\"sr-RS\",\"potentialAction\":[{\"@type\":\"ReadAction\",\"target\":[\"https:\/\/logistify.rs\/registration\/\"]}]},{\"@type\":\"BreadcrumbList\",\"@id\":\"https:\/\/logistify.rs\/registration\/#breadcrumb\",\"itemListElement\":[{\"@type\":\"ListItem\",\"position\":1,\"name\":\"Home\",\"item\":\"https:\/\/logistify.rs\/sr\/\"},{\"@type\":\"ListItem\",\"position\":2,\"name\":\"Registration\"}]},{\"@type\":\"WebSite\",\"@id\":\"https:\/\/logistify.rs\/sr\/#website\",\"url\":\"https:\/\/logistify.rs\/sr\/\",\"name\":\"Logistify\",\"description\":\"\",\"publisher\":{\"@id\":\"https:\/\/logistify.rs\/sr\/#organization\"},\"potentialAction\":[{\"@type\":\"SearchAction\",\"target\":{\"@type\":\"EntryPoint\",\"urlTemplate\":\"https:\/\/logistify.rs\/sr\/?s={search_term_string}\"},\"query-input\":{\"@type\":\"PropertyValueSpecification\",\"valueRequired\":true,\"valueName\":\"search_term_string\"}}],\"inLanguage\":\"sr-RS\"},{\"@type\":\"Organization\",\"@id\":\"https:\/\/logistify.rs\/sr\/#organization\",\"name\":\"Logistify\",\"alternateName\":\"Logistify\",\"url\":\"https:\/\/logistify.rs\/sr\/\",\"logo\":{\"@type\":\"ImageObject\",\"inLanguage\":\"sr-RS\",\"@id\":\"https:\/\/logistify.rs\/sr\/#\/schema\/logo\/image\/\",\"url\":\"https:\/\/logistify.rs\/wp-content\/uploads\/2023\/10\/cropped-cropped-traced-purple.png\",\"contentUrl\":\"https:\/\/logistify.rs\/wp-content\/uploads\/2023\/10\/cropped-cropped-traced-purple.png\",\"width\":512,\"height\":512,\"caption\":\"Logistify\"},\"image\":{\"@id\":\"https:\/\/logistify.rs\/sr\/#\/schema\/logo\/image\/\"},\"sameAs\":[\"https:\/\/facebook.com\/logistify.rs\",\"https:\/\/x.com\/logistifyRS\",\"https:\/\/www.instagram.com\/logistify.rs\"]}]}<\/script>\n<!-- \/ Yoast SEO plugin. -->","yoast_head_json":{"title":"Registration - Logistify","robots":{"index":"index","follow":"follow","max-snippet":"max-snippet:-1","max-image-preview":"max-image-preview:large","max-video-preview":"max-video-preview:-1"},"canonical":"https:\/\/logistify.rs\/sr\/registration\/","og_locale":"sr_RS","og_type":"article","og_title":"Registration - Logistify","og_url":"https:\/\/logistify.rs\/sr\/registration\/","og_site_name":"Logistify","article_publisher":"https:\/\/facebook.com\/logistify.rs","article_modified_time":"2024-07-05T10:35:42+00:00","og_image":[{"width":1920,"height":1080,"url":"https:\/\/logistify.rs\/wp-content\/uploads\/2023\/10\/Logistify-Logo-black-Large.png","type":"image\/png"}],"twitter_card":"summary_large_image","twitter_site":"@logistifyRS","twitter_misc":{"\u041f\u0440\u043e\u0446\u0435\u045a\u0435\u043d\u043e \u0432\u0440\u0435\u043c\u0435 \u0447\u0438\u0442\u0430\u045a\u0430":"1 \u043c\u0438\u043d\u0443\u0442"},"schema":{"@context":"https:\/\/schema.org","@graph":[{"@type":"WebPage","@id":"https:\/\/logistify.rs\/registration\/","url":"https:\/\/logistify.rs\/registration\/","name":"Registration - Logistify","isPartOf":{"@id":"https:\/\/logistify.rs\/sr\/#website"},"datePublished":"2023-08-20T11:37:36+00:00","dateModified":"2024-07-05T10:35:42+00:00","breadcrumb":{"@id":"https:\/\/logistify.rs\/registration\/#breadcrumb"},"inLanguage":"sr-RS","potentialAction":[{"@type":"ReadAction","target":["https:\/\/logistify.rs\/registration\/"]}]},{"@type":"BreadcrumbList","@id":"https:\/\/logistify.rs\/registration\/#breadcrumb","itemListElement":[{"@type":"ListItem","position":1,"name":"Home","item":"https:\/\/logistify.rs\/sr\/"},{"@type":"ListItem","position":2,"name":"Registration"}]},{"@type":"WebSite","@id":"https:\/\/logistify.rs\/sr\/#website","url":"https:\/\/logistify.rs\/sr\/","name":"Logistify","description":"","publisher":{"@id":"https:\/\/logistify.rs\/sr\/#organization"},"potentialAction":[{"@type":"SearchAction","target":{"@type":"EntryPoint","urlTemplate":"https:\/\/logistify.rs\/sr\/?s={search_term_string}"},"query-input":{"@type":"PropertyValueSpecification","valueRequired":true,"valueName":"search_term_string"}}],"inLanguage":"sr-RS"},{"@type":"Organization","@id":"https:\/\/logistify.rs\/sr\/#organization","name":"Logistify","alternateName":"Logistify","url":"https:\/\/logistify.rs\/sr\/","logo":{"@type":"ImageObject","inLanguage":"sr-RS","@id":"https:\/\/logistify.rs\/sr\/#\/schema\/logo\/image\/","url":"https:\/\/logistify.rs\/wp-content\/uploads\/2023\/10\/cropped-cropped-traced-purple.png","contentUrl":"https:\/\/logistify.rs\/wp-content\/uploads\/2023\/10\/cropped-cropped-traced-purple.png","width":512,"height":512,"caption":"Logistify"},"image":{"@id":"https:\/\/logistify.rs\/sr\/#\/schema\/logo\/image\/"},"sameAs":["https:\/\/facebook.com\/logistify.rs","https:\/\/x.com\/logistifyRS","https:\/\/www.instagram.com\/logistify.rs"]}]}},"_links":{"self":[{"href":"https:\/\/logistify.rs\/sr\/wp-json\/wp\/v2\/pages\/1941","targetHints":{"allow":["GET"]}}],"collection":[{"href":"https:\/\/logistify.rs\/sr\/wp-json\/wp\/v2\/pages"}],"about":[{"href":"https:\/\/logistify.rs\/sr\/wp-json\/wp\/v2\/types\/page"}],"author":[{"embeddable":true,"href":"https:\/\/logistify.rs\/sr\/wp-json\/wp\/v2\/users\/1"}],"replies":[{"embeddable":true,"href":"https:\/\/logistify.rs\/sr\/wp-json\/wp\/v2\/comments?post=1941"}],"version-history":[{"count":15,"href":"https:\/\/logistify.rs\/sr\/wp-json\/wp\/v2\/pages\/1941\/revisions"}],"predecessor-version":[{"id":2509,"href":"https:\/\/logistify.rs\/sr\/wp-json\/wp\/v2\/pages\/1941\/revisions\/2509"}],"wp:attachment":[{"href":"https:\/\/logistify.rs\/sr\/wp-json\/wp\/v2\/media?parent=1941"}],"curies":[{"name":"wp","href":"https:\/\/api.w.org\/{rel}","templated":true}]}}